{"id":37,"date":"2019-12-06T20:48:33","date_gmt":"2019-12-06T19:48:33","guid":{"rendered":"http:\/\/127.0.0.1\/automodus\/?page_id=37"},"modified":"2025-03-26T14:19:48","modified_gmt":"2025-03-26T13:19:48","slug":"kontakt","status":"publish","type":"page","link":"https:\/\/automodus-hannover.de\/index.php\/kontakt\/","title":{"rendered":""},"content":{"rendered":"\n<div style=\"height:40px\" aria-hidden=\"true\" class=\"wp-block-spacer\"><\/div>\n\n\n\n<div class=\"wp-block-columns is-layout-flex wp-container-core-columns-is-layout-9d6595d7 wp-block-columns-is-layout-flex\">\n<div class=\"wp-block-column is-layout-flow wp-block-column-is-layout-flow\" style=\"flex-basis:25%\"><\/div>\n\n\n\n<div class=\"wp-block-column is-layout-flow wp-block-column-is-layout-flow\" style=\"flex-basis:50%\">\n<center><i class=\"fa fa-info\" aria-hidden=\"true\" style=\"font-size:64px\"><\/i><\/center>\n\n\n\n<h2 class=\"wp-block-heading has-text-align-center\">Impressum<\/h2>\n<\/div>\n\n\n\n<div class=\"wp-block-column is-layout-flow wp-block-column-is-layout-flow\" style=\"flex-basis:25%\"><\/div>\n<\/div>\n\n\n\n<div class=\"wp-block-columns is-layout-flex wp-container-core-columns-is-layout-9d6595d7 wp-block-columns-is-layout-flex\">\n<div class=\"wp-block-column is-layout-flow wp-block-column-is-layout-flow\">\n<style>\n.has-text-align-right{\ntext-align:right !important;\n}\n<\/style>\n\n\n\n<p class=\"has-text-align-right\"><strong>Automodus<\/strong><\/p>\n\n\n\n<p class=\"has-text-align-right\">Urim Hoxha<br> Dieselstr. 15<br> 30916 Isernhagen<br><br> Telefon: (+49) 511 &#8211; 49531768 <br> E-Mail: <a href=\"mailto:info@automodus-hannover.de\">info@automodus-hannover.de<\/a><\/p>\n<\/div>\n\n\n\n<div class=\"wp-block-column is-layout-flow wp-block-column-is-layout-flow\">\n<figure class=\"wp-block-image size-full\"><img loading=\"lazy\" decoding=\"async\" width=\"960\" height=\"640\" src=\"http:\/\/automodus-hannover.de\/wp-content\/uploads\/2025\/03\/foto.png\" alt=\"\" class=\"wp-image-314\"\/><\/figure>\n<\/div>\n<\/div>\n\n\n\n<div class=\"wp-block-columns is-layout-flex wp-container-core-columns-is-layout-9d6595d7 wp-block-columns-is-layout-flex\">\n<div class=\"wp-block-column is-layout-flow wp-block-column-is-layout-flow\">\n<h2 class=\"wp-block-heading\">Datenschutzerkl\u00e4rung<\/h2>\n\n\n\n<p>Diese\n Webseite setzt ein Cookie, um Sitzungen zu identifizieren, dieses \nCookie wird f\u00fcr die grundlegende Funktionalit\u00e4t der Webseite ben\u00f6tigt \nund nicht zur weiteren Datengewinnung bzw. Datenerfassung verwendet.<\/p>\n\n\n\n<p>Das Verwenden unseres Kontakformulars \u00fcbermittelt folgende Daten:<\/p>\n\n\n\n<ul class=\"wp-block-list\">\n<li>Vorname, Nachname oder Firmenname<\/li>\n\n\n\n<li>Telefonnummer<\/li>\n\n\n\n<li>Email-Adresse<\/li>\n\n\n\n<li>Betreffinformation<\/li>\n\n\n\n<li>Freitext f\u00fcr Nachrichteninhalt<\/li>\n<\/ul>\n\n\n\n<p>Diese Daten werden in Form einer E-Mail an unser E-Mail Postfach \n\u00fcbermittelt und dort auf unbestimmte Zeit gespeichert. Wir verwenden \ndiese ausschlie\u00dflich zur weiteren Kontaktaufnahme mit Ihnen.<\/p>\n<\/div>\n\n\n\n<div class=\"wp-block-column is-layout-flow wp-block-column-is-layout-flow\">\n<h2 class=\"wp-block-heading\">Inhaltserkl\u00e4rung<\/h2>\n\n\n\n<p>S\u00e4mtliche  hier ersichtlichen Inhalte befinden sich unter eine freien Lizenz  (CC-0) oder wurden von uns selbst angefertigt und sind somit in unserem  Verantwortungsbereich. F\u00fcr fehlerhafte Inhalte \u00fcbernehmen wir keine  Haftung.<\/p>\n\n\n\n<p>F\u00fcr die Inhalte Dritter wird weder Gew\u00e4hr noch Haftung \u00fcbernommen.<\/p>\n<\/div>\n<\/div>\n\n\n\n<p><\/p>\n","protected":false},"excerpt":{"rendered":"<p>Impressum Automodus Urim Hoxha Dieselstr. 15 30916 Isernhagen Telefon: (+49) 511 &#8211; 49531768 E-Mail: info@automodus-hannover.de Datenschutzerkl\u00e4rung Diese Webseite setzt ein Cookie, um Sitzungen zu identifizieren, dieses Cookie wird f\u00fcr die grundlegende Funktionalit\u00e4t der Webseite ben\u00f6tigt und nicht zur weiteren Datengewinnung bzw. Datenerfassung verwendet. Das Verwenden unseres Kontakformulars \u00fcbermittelt folgende Daten: Diese Daten werden in Form [&hellip;]<\/p>\n","protected":false},"author":1,"featured_media":0,"parent":0,"menu_order":0,"comment_status":"closed","ping_status":"closed","template":"","meta":{"footnotes":""},"class_list":["post-37","page","type-page","status-publish","hentry"],"_links":{"self":[{"href":"https:\/\/automodus-hannover.de\/index.php\/wp-json\/wp\/v2\/pages\/37","targetHints":{"allow":["GET"]}}],"collection":[{"href":"https:\/\/automodus-hannover.de\/index.php\/wp-json\/wp\/v2\/pages"}],"about":[{"href":"https:\/\/automodus-hannover.de\/index.php\/wp-json\/wp\/v2\/types\/page"}],"author":[{"embeddable":true,"href":"https:\/\/automodus-hannover.de\/index.php\/wp-json\/wp\/v2\/users\/1"}],"replies":[{"embeddable":true,"href":"https:\/\/automodus-hannover.de\/index.php\/wp-json\/wp\/v2\/comments?post=37"}],"version-history":[{"count":20,"href":"https:\/\/automodus-hannover.de\/index.php\/wp-json\/wp\/v2\/pages\/37\/revisions"}],"predecessor-version":[{"id":315,"href":"https:\/\/automodus-hannover.de\/index.php\/wp-json\/wp\/v2\/pages\/37\/revisions\/315"}],"wp:attachment":[{"href":"https:\/\/automodus-hannover.de\/index.php\/wp-json\/wp\/v2\/media?parent=37"}],"curies":[{"name":"wp","href":"https:\/\/api.w.org\/{rel}","templated":true}]}}